{"id":1966,"date":"2024-07-08T08:47:44","date_gmt":"2024-07-08T06:47:44","guid":{"rendered":"https:\/\/www.marketsoul.cz\/vizualni-identita-a-grafika\/"},"modified":"2024-08-20T22:14:05","modified_gmt":"2024-08-20T20:14:05","slug":"visual-identity-and-graphics","status":"publish","type":"page","link":"https:\/\/www.marketsoul.cz\/en\/visual-identity-and-graphics\/","title":{"rendered":"Visual identity and graphics"},"content":{"rendered":"","protected":false},"excerpt":{"rendered":"","protected":false},"author":1,"featured_media":2991,"parent":0,"menu_order":12,"comment_status":"closed","ping_status":"closed","template":"templates\/service-graphics.php","meta":{"_acf_changed":false,"inline_featured_image":false,"footnotes":""},"class_list":["post-1966","page","type-page","status-publish","has-post-thumbnail","hentry"],"acf":[],"yoast_head":"<!-- This site is optimized with the Yoast SEO plugin v27.4 - https:\/\/yoast.com\/product\/yoast-seo-wordpress\/ -->\n<title>Custom Graphic Design: Logos and Banners Zl\u00edn | MarketSoul<\/title>\n<meta name=\"description\" content=\"Custom graphic design services in Zl\u00edn. Professional creation of logo manuals, design of corporate identity, websites, e-shops, PPC and social media posts.\" \/>\n<meta name=\"robots\" content=\"index, follow, max-snippet:-1, max-image-preview:large, max-video-preview:-1\" \/>\n<link rel=\"canonical\" href=\"https:\/\/www.marketsoul.cz\/en\/visual-identity-and-graphics\/\" \/>\n<meta property=\"og:locale\" content=\"en_US\" \/>\n<meta property=\"og:type\" content=\"article\" \/>\n<meta property=\"og:title\" content=\"Custom Graphic Design: Logos and Banners Zl\u00edn | MarketSoul\" \/>\n<meta property=\"og:description\" content=\"Custom graphic design services in Zl\u00edn. Professional creation of logo manuals, design of corporate identity, websites, e-shops, PPC and social media posts.\" \/>\n<meta property=\"og:url\" content=\"https:\/\/www.marketsoul.cz\/en\/visual-identity-and-graphics\/\" \/>\n<meta property=\"og:site_name\" content=\"MarketSoul\" \/>\n<meta property=\"article:publisher\" content=\"https:\/\/www.facebook.com\/marketsoulagency\" \/>\n<meta property=\"article:modified_time\" content=\"2024-08-20T20:14:05+00:00\" \/>\n<meta property=\"og:image\" content=\"https:\/\/www.marketsoul.cz\/wp-content\/uploads\/2024\/07\/IMG_2103-1-scaled.jpg\" \/>\n\t<meta property=\"og:image:width\" content=\"2560\" \/>\n\t<meta property=\"og:image:height\" content=\"1707\" \/>\n\t<meta property=\"og:image:type\" content=\"image\/jpeg\" \/>\n<meta name=\"twitter:card\" content=\"summary_large_image\" \/>\n<meta name=\"twitter:label1\" content=\"Est. reading time\" \/>\n\t<meta name=\"twitter:data1\" content=\"1 minute\" \/>\n<script type=\"application\/ld+json\" class=\"yoast-schema-graph\">{\"@context\":\"https:\\\/\\\/schema.org\",\"@graph\":[{\"@type\":\"WebPage\",\"@id\":\"https:\\\/\\\/www.marketsoul.cz\\\/en\\\/visual-identity-and-graphics\\\/\",\"url\":\"https:\\\/\\\/www.marketsoul.cz\\\/en\\\/visual-identity-and-graphics\\\/\",\"name\":\"Custom Graphic Design: Logos and Banners Zl\u00edn | MarketSoul\",\"isPartOf\":{\"@id\":\"https:\\\/\\\/www.marketsoul.cz\\\/en\\\/#website\"},\"primaryImageOfPage\":{\"@id\":\"https:\\\/\\\/www.marketsoul.cz\\\/en\\\/visual-identity-and-graphics\\\/#primaryimage\"},\"image\":{\"@id\":\"https:\\\/\\\/www.marketsoul.cz\\\/en\\\/visual-identity-and-graphics\\\/#primaryimage\"},\"thumbnailUrl\":\"https:\\\/\\\/www.marketsoul.cz\\\/wp-content\\\/uploads\\\/2024\\\/12\\\/offline.webp\",\"datePublished\":\"2024-07-08T06:47:44+00:00\",\"dateModified\":\"2024-08-20T20:14:05+00:00\",\"description\":\"Custom graphic design services in Zl\u00edn. Professional creation of logo manuals, design of corporate identity, websites, e-shops, PPC and social media posts.\",\"breadcrumb\":{\"@id\":\"https:\\\/\\\/www.marketsoul.cz\\\/en\\\/visual-identity-and-graphics\\\/#breadcrumb\"},\"inLanguage\":\"en-US\",\"potentialAction\":[{\"@type\":\"ReadAction\",\"target\":[\"https:\\\/\\\/www.marketsoul.cz\\\/en\\\/visual-identity-and-graphics\\\/\"]}]},{\"@type\":\"ImageObject\",\"inLanguage\":\"en-US\",\"@id\":\"https:\\\/\\\/www.marketsoul.cz\\\/en\\\/visual-identity-and-graphics\\\/#primaryimage\",\"url\":\"https:\\\/\\\/www.marketsoul.cz\\\/wp-content\\\/uploads\\\/2024\\\/12\\\/offline.webp\",\"contentUrl\":\"https:\\\/\\\/www.marketsoul.cz\\\/wp-content\\\/uploads\\\/2024\\\/12\\\/offline.webp\",\"width\":1041,\"height\":827},{\"@type\":\"BreadcrumbList\",\"@id\":\"https:\\\/\\\/www.marketsoul.cz\\\/en\\\/visual-identity-and-graphics\\\/#breadcrumb\",\"itemListElement\":[{\"@type\":\"ListItem\",\"position\":1,\"name\":\"Home\",\"item\":\"https:\\\/\\\/www.marketsoul.cz\\\/en\\\/uvodni-stranka-2\\\/\"},{\"@type\":\"ListItem\",\"position\":2,\"name\":\"Visual identity and graphics\"}]},{\"@type\":\"WebSite\",\"@id\":\"https:\\\/\\\/www.marketsoul.cz\\\/en\\\/#website\",\"url\":\"https:\\\/\\\/www.marketsoul.cz\\\/en\\\/\",\"name\":\"MarketSoul\",\"description\":\"D\u00e1v\u00e1me zna\u010dk\u00e1m du\u0161i. Tvo\u0159\u00edme weby a e-shopy.\",\"publisher\":{\"@id\":\"https:\\\/\\\/www.marketsoul.cz\\\/en\\\/#organization\"},\"potentialAction\":[{\"@type\":\"SearchAction\",\"target\":{\"@type\":\"EntryPoint\",\"urlTemplate\":\"https:\\\/\\\/www.marketsoul.cz\\\/en\\\/?s={search_term_string}\"},\"query-input\":{\"@type\":\"PropertyValueSpecification\",\"valueRequired\":true,\"valueName\":\"search_term_string\"}}],\"inLanguage\":\"en-US\"},{\"@type\":\"Organization\",\"@id\":\"https:\\\/\\\/www.marketsoul.cz\\\/en\\\/#organization\",\"name\":\"Tomas Bata Memorial\",\"url\":\"https:\\\/\\\/www.marketsoul.cz\\\/en\\\/\",\"logo\":{\"@type\":\"ImageObject\",\"inLanguage\":\"en-US\",\"@id\":\"https:\\\/\\\/www.marketsoul.cz\\\/en\\\/#\\\/schema\\\/logo\\\/image\\\/\",\"url\":\"https:\\\/\\\/www.marketsoul.cz\\\/wp-content\\\/uploads\\\/2024\\\/07\\\/logo.svg\",\"contentUrl\":\"https:\\\/\\\/www.marketsoul.cz\\\/wp-content\\\/uploads\\\/2024\\\/07\\\/logo.svg\",\"width\":229,\"height\":40,\"caption\":\"Tomas Bata Memorial\"},\"image\":{\"@id\":\"https:\\\/\\\/www.marketsoul.cz\\\/en\\\/#\\\/schema\\\/logo\\\/image\\\/\"},\"sameAs\":[\"https:\\\/\\\/www.facebook.com\\\/marketsoulagency\"]}]}<\/script>\n<!-- \/ Yoast SEO plugin. -->","yoast_head_json":{"title":"Custom Graphic Design: Logos and Banners Zl\u00edn | MarketSoul","description":"Custom graphic design services in Zl\u00edn. Professional creation of logo manuals, design of corporate identity, websites, e-shops, PPC and social media posts.","robots":{"index":"index","follow":"follow","max-snippet":"max-snippet:-1","max-image-preview":"max-image-preview:large","max-video-preview":"max-video-preview:-1"},"canonical":"https:\/\/www.marketsoul.cz\/en\/visual-identity-and-graphics\/","og_locale":"en_US","og_type":"article","og_title":"Custom Graphic Design: Logos and Banners Zl\u00edn | MarketSoul","og_description":"Custom graphic design services in Zl\u00edn. Professional creation of logo manuals, design of corporate identity, websites, e-shops, PPC and social media posts.","og_url":"https:\/\/www.marketsoul.cz\/en\/visual-identity-and-graphics\/","og_site_name":"MarketSoul","article_publisher":"https:\/\/www.facebook.com\/marketsoulagency","article_modified_time":"2024-08-20T20:14:05+00:00","og_image":[{"width":2560,"height":1707,"url":"https:\/\/www.marketsoul.cz\/wp-content\/uploads\/2024\/07\/IMG_2103-1-scaled.jpg","type":"image\/jpeg"}],"twitter_card":"summary_large_image","twitter_misc":{"Est. reading time":"1 minute"},"schema":{"@context":"https:\/\/schema.org","@graph":[{"@type":"WebPage","@id":"https:\/\/www.marketsoul.cz\/en\/visual-identity-and-graphics\/","url":"https:\/\/www.marketsoul.cz\/en\/visual-identity-and-graphics\/","name":"Custom Graphic Design: Logos and Banners Zl\u00edn | MarketSoul","isPartOf":{"@id":"https:\/\/www.marketsoul.cz\/en\/#website"},"primaryImageOfPage":{"@id":"https:\/\/www.marketsoul.cz\/en\/visual-identity-and-graphics\/#primaryimage"},"image":{"@id":"https:\/\/www.marketsoul.cz\/en\/visual-identity-and-graphics\/#primaryimage"},"thumbnailUrl":"https:\/\/www.marketsoul.cz\/wp-content\/uploads\/2024\/12\/offline.webp","datePublished":"2024-07-08T06:47:44+00:00","dateModified":"2024-08-20T20:14:05+00:00","description":"Custom graphic design services in Zl\u00edn. Professional creation of logo manuals, design of corporate identity, websites, e-shops, PPC and social media posts.","breadcrumb":{"@id":"https:\/\/www.marketsoul.cz\/en\/visual-identity-and-graphics\/#breadcrumb"},"inLanguage":"en-US","potentialAction":[{"@type":"ReadAction","target":["https:\/\/www.marketsoul.cz\/en\/visual-identity-and-graphics\/"]}]},{"@type":"ImageObject","inLanguage":"en-US","@id":"https:\/\/www.marketsoul.cz\/en\/visual-identity-and-graphics\/#primaryimage","url":"https:\/\/www.marketsoul.cz\/wp-content\/uploads\/2024\/12\/offline.webp","contentUrl":"https:\/\/www.marketsoul.cz\/wp-content\/uploads\/2024\/12\/offline.webp","width":1041,"height":827},{"@type":"BreadcrumbList","@id":"https:\/\/www.marketsoul.cz\/en\/visual-identity-and-graphics\/#breadcrumb","itemListElement":[{"@type":"ListItem","position":1,"name":"Home","item":"https:\/\/www.marketsoul.cz\/en\/uvodni-stranka-2\/"},{"@type":"ListItem","position":2,"name":"Visual identity and graphics"}]},{"@type":"WebSite","@id":"https:\/\/www.marketsoul.cz\/en\/#website","url":"https:\/\/www.marketsoul.cz\/en\/","name":"MarketSoul","description":"D\u00e1v\u00e1me zna\u010dk\u00e1m du\u0161i. Tvo\u0159\u00edme weby a e-shopy.","publisher":{"@id":"https:\/\/www.marketsoul.cz\/en\/#organization"},"potentialAction":[{"@type":"SearchAction","target":{"@type":"EntryPoint","urlTemplate":"https:\/\/www.marketsoul.cz\/en\/?s={search_term_string}"},"query-input":{"@type":"PropertyValueSpecification","valueRequired":true,"valueName":"search_term_string"}}],"inLanguage":"en-US"},{"@type":"Organization","@id":"https:\/\/www.marketsoul.cz\/en\/#organization","name":"Tomas Bata Memorial","url":"https:\/\/www.marketsoul.cz\/en\/","logo":{"@type":"ImageObject","inLanguage":"en-US","@id":"https:\/\/www.marketsoul.cz\/en\/#\/schema\/logo\/image\/","url":"https:\/\/www.marketsoul.cz\/wp-content\/uploads\/2024\/07\/logo.svg","contentUrl":"https:\/\/www.marketsoul.cz\/wp-content\/uploads\/2024\/07\/logo.svg","width":229,"height":40,"caption":"Tomas Bata Memorial"},"image":{"@id":"https:\/\/www.marketsoul.cz\/en\/#\/schema\/logo\/image\/"},"sameAs":["https:\/\/www.facebook.com\/marketsoulagency"]}]}},"_links":{"self":[{"href":"https:\/\/www.marketsoul.cz\/en\/wp-json\/wp\/v2\/pages\/1966","targetHints":{"allow":["GET"]}}],"collection":[{"href":"https:\/\/www.marketsoul.cz\/en\/wp-json\/wp\/v2\/pages"}],"about":[{"href":"https:\/\/www.marketsoul.cz\/en\/wp-json\/wp\/v2\/types\/page"}],"author":[{"embeddable":true,"href":"https:\/\/www.marketsoul.cz\/en\/wp-json\/wp\/v2\/users\/1"}],"replies":[{"embeddable":true,"href":"https:\/\/www.marketsoul.cz\/en\/wp-json\/wp\/v2\/comments?post=1966"}],"version-history":[{"count":17,"href":"https:\/\/www.marketsoul.cz\/en\/wp-json\/wp\/v2\/pages\/1966\/revisions"}],"predecessor-version":[{"id":2810,"href":"https:\/\/www.marketsoul.cz\/en\/wp-json\/wp\/v2\/pages\/1966\/revisions\/2810"}],"wp:featuredmedia":[{"embeddable":true,"href":"https:\/\/www.marketsoul.cz\/en\/wp-json\/wp\/v2\/media\/2991"}],"wp:attachment":[{"href":"https:\/\/www.marketsoul.cz\/en\/wp-json\/wp\/v2\/media?parent=1966"}],"curies":[{"name":"wp","href":"https:\/\/api.w.org\/{rel}","templated":true}]}}