{"id":1970,"date":"2024-07-11T15:46:41","date_gmt":"2024-07-11T13:46:41","guid":{"rendered":"https:\/\/www.marketsoul.cz\/sluzby\/"},"modified":"2026-04-30T22:46:40","modified_gmt":"2026-04-30T20:46:40","slug":"sluzby","status":"publish","type":"page","link":"https:\/\/www.marketsoul.cz\/en\/sluzby\/","title":{"rendered":"Services"},"content":{"rendered":"","protected":false},"excerpt":{"rendered":"","protected":false},"author":1,"featured_media":2433,"parent":0,"menu_order":17,"comment_status":"closed","ping_status":"closed","template":"templates\/services.php","meta":{"_acf_changed":false,"inline_featured_image":false,"footnotes":""},"class_list":["post-1970","page","type-page","status-publish","has-post-thumbnail","hentry"],"acf":[],"yoast_head":"<!-- This site is optimized with the Yoast SEO plugin v27.6 - https:\/\/yoast.com\/product\/yoast-seo-wordpress\/ -->\n<title>Marketing na m\u00edru, tvorba web\u016f a eshop\u016f Zl\u00edn | MarketSoul<\/title>\n<meta name=\"description\" content=\"Marketingov\u00e1 \u0159e\u0161en\u00ed na m\u00edru. Tvorba webov\u00fdch str\u00e1nek a eshop\u016f. V\u00fdkonnostn\u00ed PPC kampan\u011b, branding, korpor\u00e1tn\u00ed identita, design a spr\u00e1va soci\u00e1ln\u00edch s\u00edt\u00ed.\" \/>\n<meta name=\"robots\" content=\"index, follow, max-snippet:-1, max-image-preview:large, max-video-preview:-1\" \/>\n<link rel=\"canonical\" href=\"https:\/\/www.marketsoul.cz\/en\/sluzby\/\" \/>\n<meta property=\"og:locale\" content=\"en_US\" \/>\n<meta property=\"og:type\" content=\"article\" \/>\n<meta property=\"og:title\" content=\"Marketing na m\u00edru, tvorba web\u016f a eshop\u016f Zl\u00edn | MarketSoul\" \/>\n<meta property=\"og:description\" content=\"Marketingov\u00e1 \u0159e\u0161en\u00ed na m\u00edru. Tvorba webov\u00fdch str\u00e1nek a eshop\u016f. V\u00fdkonnostn\u00ed PPC kampan\u011b, branding, korpor\u00e1tn\u00ed identita, design a spr\u00e1va soci\u00e1ln\u00edch s\u00edt\u00ed.\" \/>\n<meta property=\"og:url\" content=\"https:\/\/www.marketsoul.cz\/en\/sluzby\/\" \/>\n<meta property=\"og:site_name\" content=\"MarketSoul\" \/>\n<meta property=\"article:publisher\" content=\"https:\/\/www.facebook.com\/marketsoulagency\" \/>\n<meta property=\"article:modified_time\" content=\"2026-04-30T20:46:40+00:00\" \/>\n<meta property=\"og:image\" content=\"https:\/\/www.marketsoul.cz\/wp-content\/uploads\/2024\/07\/IMG_1718_.jpg\" \/>\n\t<meta property=\"og:image:width\" content=\"800\" \/>\n\t<meta property=\"og:image:height\" content=\"1067\" \/>\n\t<meta property=\"og:image:type\" content=\"image\/jpeg\" \/>\n<meta name=\"twitter:card\" content=\"summary_large_image\" \/>\n<meta name=\"twitter:label1\" content=\"Est. reading time\" \/>\n\t<meta name=\"twitter:data1\" content=\"1 minute\" \/>\n<script type=\"application\/ld+json\" class=\"yoast-schema-graph\">{\"@context\":\"https:\\\/\\\/schema.org\",\"@graph\":[{\"@type\":\"WebPage\",\"@id\":\"https:\\\/\\\/www.marketsoul.cz\\\/en\\\/sluzby\\\/\",\"url\":\"https:\\\/\\\/www.marketsoul.cz\\\/en\\\/sluzby\\\/\",\"name\":\"Marketing na m\u00edru, tvorba web\u016f a eshop\u016f Zl\u00edn | MarketSoul\",\"isPartOf\":{\"@id\":\"https:\\\/\\\/www.marketsoul.cz\\\/en\\\/#website\"},\"primaryImageOfPage\":{\"@id\":\"https:\\\/\\\/www.marketsoul.cz\\\/en\\\/sluzby\\\/#primaryimage\"},\"image\":{\"@id\":\"https:\\\/\\\/www.marketsoul.cz\\\/en\\\/sluzby\\\/#primaryimage\"},\"thumbnailUrl\":\"https:\\\/\\\/www.marketsoul.cz\\\/wp-content\\\/uploads\\\/2024\\\/07\\\/IMG_1718_.jpg\",\"datePublished\":\"2024-07-11T13:46:41+00:00\",\"dateModified\":\"2026-04-30T20:46:40+00:00\",\"description\":\"Marketingov\u00e1 \u0159e\u0161en\u00ed na m\u00edru. Tvorba webov\u00fdch str\u00e1nek a eshop\u016f. V\u00fdkonnostn\u00ed PPC kampan\u011b, branding, korpor\u00e1tn\u00ed identita, design a spr\u00e1va soci\u00e1ln\u00edch s\u00edt\u00ed.\",\"breadcrumb\":{\"@id\":\"https:\\\/\\\/www.marketsoul.cz\\\/en\\\/sluzby\\\/#breadcrumb\"},\"inLanguage\":\"en-US\",\"potentialAction\":[{\"@type\":\"ReadAction\",\"target\":[\"https:\\\/\\\/www.marketsoul.cz\\\/en\\\/sluzby\\\/\"]}]},{\"@type\":\"ImageObject\",\"inLanguage\":\"en-US\",\"@id\":\"https:\\\/\\\/www.marketsoul.cz\\\/en\\\/sluzby\\\/#primaryimage\",\"url\":\"https:\\\/\\\/www.marketsoul.cz\\\/wp-content\\\/uploads\\\/2024\\\/07\\\/IMG_1718_.jpg\",\"contentUrl\":\"https:\\\/\\\/www.marketsoul.cz\\\/wp-content\\\/uploads\\\/2024\\\/07\\\/IMG_1718_.jpg\",\"width\":800,\"height\":1067,\"caption\":\"tvorba webov\u00fdch str\u00e1nek zl\u00edn kancel\u00e1\u0159\"},{\"@type\":\"BreadcrumbList\",\"@id\":\"https:\\\/\\\/www.marketsoul.cz\\\/en\\\/sluzby\\\/#breadcrumb\",\"itemListElement\":[{\"@type\":\"ListItem\",\"position\":1,\"name\":\"Home\",\"item\":\"https:\\\/\\\/www.marketsoul.cz\\\/en\\\/\"},{\"@type\":\"ListItem\",\"position\":2,\"name\":\"Services\"}]},{\"@type\":\"WebSite\",\"@id\":\"https:\\\/\\\/www.marketsoul.cz\\\/en\\\/#website\",\"url\":\"https:\\\/\\\/www.marketsoul.cz\\\/en\\\/\",\"name\":\"MarketSoul\",\"description\":\"D\u00e1v\u00e1me zna\u010dk\u00e1m du\u0161i. Tvo\u0159\u00edme weby a e-shopy.\",\"publisher\":{\"@id\":\"https:\\\/\\\/www.marketsoul.cz\\\/en\\\/#organization\"},\"potentialAction\":[{\"@type\":\"SearchAction\",\"target\":{\"@type\":\"EntryPoint\",\"urlTemplate\":\"https:\\\/\\\/www.marketsoul.cz\\\/en\\\/?s={search_term_string}\"},\"query-input\":{\"@type\":\"PropertyValueSpecification\",\"valueRequired\":true,\"valueName\":\"search_term_string\"}}],\"inLanguage\":\"en-US\"},{\"@type\":\"Organization\",\"@id\":\"https:\\\/\\\/www.marketsoul.cz\\\/en\\\/#organization\",\"name\":\"Tomas Bata Memorial\",\"url\":\"https:\\\/\\\/www.marketsoul.cz\\\/en\\\/\",\"logo\":{\"@type\":\"ImageObject\",\"inLanguage\":\"en-US\",\"@id\":\"https:\\\/\\\/www.marketsoul.cz\\\/en\\\/#\\\/schema\\\/logo\\\/image\\\/\",\"url\":\"https:\\\/\\\/www.marketsoul.cz\\\/wp-content\\\/uploads\\\/2024\\\/07\\\/logo.svg\",\"contentUrl\":\"https:\\\/\\\/www.marketsoul.cz\\\/wp-content\\\/uploads\\\/2024\\\/07\\\/logo.svg\",\"width\":229,\"height\":40,\"caption\":\"Tomas Bata Memorial\"},\"image\":{\"@id\":\"https:\\\/\\\/www.marketsoul.cz\\\/en\\\/#\\\/schema\\\/logo\\\/image\\\/\"},\"sameAs\":[\"https:\\\/\\\/www.facebook.com\\\/marketsoulagency\"]}]}<\/script>\n<!-- \/ Yoast SEO plugin. -->","yoast_head_json":{"title":"Marketing na m\u00edru, tvorba web\u016f a eshop\u016f Zl\u00edn | MarketSoul","description":"Marketingov\u00e1 \u0159e\u0161en\u00ed na m\u00edru. Tvorba webov\u00fdch str\u00e1nek a eshop\u016f. V\u00fdkonnostn\u00ed PPC kampan\u011b, branding, korpor\u00e1tn\u00ed identita, design a spr\u00e1va soci\u00e1ln\u00edch s\u00edt\u00ed.","robots":{"index":"index","follow":"follow","max-snippet":"max-snippet:-1","max-image-preview":"max-image-preview:large","max-video-preview":"max-video-preview:-1"},"canonical":"https:\/\/www.marketsoul.cz\/en\/sluzby\/","og_locale":"en_US","og_type":"article","og_title":"Marketing na m\u00edru, tvorba web\u016f a eshop\u016f Zl\u00edn | MarketSoul","og_description":"Marketingov\u00e1 \u0159e\u0161en\u00ed na m\u00edru. Tvorba webov\u00fdch str\u00e1nek a eshop\u016f. V\u00fdkonnostn\u00ed PPC kampan\u011b, branding, korpor\u00e1tn\u00ed identita, design a spr\u00e1va soci\u00e1ln\u00edch s\u00edt\u00ed.","og_url":"https:\/\/www.marketsoul.cz\/en\/sluzby\/","og_site_name":"MarketSoul","article_publisher":"https:\/\/www.facebook.com\/marketsoulagency","article_modified_time":"2026-04-30T20:46:40+00:00","og_image":[{"width":800,"height":1067,"url":"https:\/\/www.marketsoul.cz\/wp-content\/uploads\/2024\/07\/IMG_1718_.jpg","type":"image\/jpeg"}],"twitter_card":"summary_large_image","twitter_misc":{"Est. reading time":"1 minute"},"schema":{"@context":"https:\/\/schema.org","@graph":[{"@type":"WebPage","@id":"https:\/\/www.marketsoul.cz\/en\/sluzby\/","url":"https:\/\/www.marketsoul.cz\/en\/sluzby\/","name":"Marketing na m\u00edru, tvorba web\u016f a eshop\u016f Zl\u00edn | MarketSoul","isPartOf":{"@id":"https:\/\/www.marketsoul.cz\/en\/#website"},"primaryImageOfPage":{"@id":"https:\/\/www.marketsoul.cz\/en\/sluzby\/#primaryimage"},"image":{"@id":"https:\/\/www.marketsoul.cz\/en\/sluzby\/#primaryimage"},"thumbnailUrl":"https:\/\/www.marketsoul.cz\/wp-content\/uploads\/2024\/07\/IMG_1718_.jpg","datePublished":"2024-07-11T13:46:41+00:00","dateModified":"2026-04-30T20:46:40+00:00","description":"Marketingov\u00e1 \u0159e\u0161en\u00ed na m\u00edru. Tvorba webov\u00fdch str\u00e1nek a eshop\u016f. V\u00fdkonnostn\u00ed PPC kampan\u011b, branding, korpor\u00e1tn\u00ed identita, design a spr\u00e1va soci\u00e1ln\u00edch s\u00edt\u00ed.","breadcrumb":{"@id":"https:\/\/www.marketsoul.cz\/en\/sluzby\/#breadcrumb"},"inLanguage":"en-US","potentialAction":[{"@type":"ReadAction","target":["https:\/\/www.marketsoul.cz\/en\/sluzby\/"]}]},{"@type":"ImageObject","inLanguage":"en-US","@id":"https:\/\/www.marketsoul.cz\/en\/sluzby\/#primaryimage","url":"https:\/\/www.marketsoul.cz\/wp-content\/uploads\/2024\/07\/IMG_1718_.jpg","contentUrl":"https:\/\/www.marketsoul.cz\/wp-content\/uploads\/2024\/07\/IMG_1718_.jpg","width":800,"height":1067,"caption":"tvorba webov\u00fdch str\u00e1nek zl\u00edn kancel\u00e1\u0159"},{"@type":"BreadcrumbList","@id":"https:\/\/www.marketsoul.cz\/en\/sluzby\/#breadcrumb","itemListElement":[{"@type":"ListItem","position":1,"name":"Home","item":"https:\/\/www.marketsoul.cz\/en\/"},{"@type":"ListItem","position":2,"name":"Services"}]},{"@type":"WebSite","@id":"https:\/\/www.marketsoul.cz\/en\/#website","url":"https:\/\/www.marketsoul.cz\/en\/","name":"MarketSoul","description":"D\u00e1v\u00e1me zna\u010dk\u00e1m du\u0161i. Tvo\u0159\u00edme weby a e-shopy.","publisher":{"@id":"https:\/\/www.marketsoul.cz\/en\/#organization"},"potentialAction":[{"@type":"SearchAction","target":{"@type":"EntryPoint","urlTemplate":"https:\/\/www.marketsoul.cz\/en\/?s={search_term_string}"},"query-input":{"@type":"PropertyValueSpecification","valueRequired":true,"valueName":"search_term_string"}}],"inLanguage":"en-US"},{"@type":"Organization","@id":"https:\/\/www.marketsoul.cz\/en\/#organization","name":"Tomas Bata Memorial","url":"https:\/\/www.marketsoul.cz\/en\/","logo":{"@type":"ImageObject","inLanguage":"en-US","@id":"https:\/\/www.marketsoul.cz\/en\/#\/schema\/logo\/image\/","url":"https:\/\/www.marketsoul.cz\/wp-content\/uploads\/2024\/07\/logo.svg","contentUrl":"https:\/\/www.marketsoul.cz\/wp-content\/uploads\/2024\/07\/logo.svg","width":229,"height":40,"caption":"Tomas Bata Memorial"},"image":{"@id":"https:\/\/www.marketsoul.cz\/en\/#\/schema\/logo\/image\/"},"sameAs":["https:\/\/www.facebook.com\/marketsoulagency"]}]}},"_links":{"self":[{"href":"https:\/\/www.marketsoul.cz\/en\/wp-json\/wp\/v2\/pages\/1970","targetHints":{"allow":["GET"]}}],"collection":[{"href":"https:\/\/www.marketsoul.cz\/en\/wp-json\/wp\/v2\/pages"}],"about":[{"href":"https:\/\/www.marketsoul.cz\/en\/wp-json\/wp\/v2\/types\/page"}],"author":[{"embeddable":true,"href":"https:\/\/www.marketsoul.cz\/en\/wp-json\/wp\/v2\/users\/1"}],"replies":[{"embeddable":true,"href":"https:\/\/www.marketsoul.cz\/en\/wp-json\/wp\/v2\/comments?post=1970"}],"version-history":[{"count":34,"href":"https:\/\/www.marketsoul.cz\/en\/wp-json\/wp\/v2\/pages\/1970\/revisions"}],"predecessor-version":[{"id":3931,"href":"https:\/\/www.marketsoul.cz\/en\/wp-json\/wp\/v2\/pages\/1970\/revisions\/3931"}],"wp:featuredmedia":[{"embeddable":true,"href":"https:\/\/www.marketsoul.cz\/en\/wp-json\/wp\/v2\/media\/2433"}],"wp:attachment":[{"href":"https:\/\/www.marketsoul.cz\/en\/wp-json\/wp\/v2\/media?parent=1970"}],"curies":[{"name":"wp","href":"https:\/\/api.w.org\/{rel}","templated":true}]}}