{"id":1973,"date":"2024-07-01T11:23:24","date_gmt":"2024-07-01T09:23:24","guid":{"rendered":"https:\/\/www.marketsoul.cz\/firemni-a-produktove-foceni\/"},"modified":"2024-08-20T22:28:54","modified_gmt":"2024-08-20T20:28:54","slug":"corporate-and-product-photography","status":"publish","type":"page","link":"https:\/\/www.marketsoul.cz\/en\/corporate-and-product-photography\/","title":{"rendered":"Photography and video making"},"content":{"rendered":"","protected":false},"excerpt":{"rendered":"","protected":false},"author":1,"featured_media":2819,"parent":0,"menu_order":29,"comment_status":"closed","ping_status":"closed","template":"templates\/service-photography.php","meta":{"_acf_changed":false,"inline_featured_image":false,"footnotes":""},"class_list":["post-1973","page","type-page","status-publish","has-post-thumbnail","hentry"],"acf":[],"yoast_head":"<!-- This site is optimized with the Yoast SEO plugin v27.4 - https:\/\/yoast.com\/product\/yoast-seo-wordpress\/ -->\n<title>Corporate and Product Photography in Zl\u00edn | MarketSoul<\/title>\n<meta name=\"description\" content=\"Product, Corporate Photography &amp; Video Production in Zl\u00edn. We offer photos and videos for websites, e-shops, PPC banners and social networks.\" \/>\n<meta name=\"robots\" content=\"index, follow, max-snippet:-1, max-image-preview:large, max-video-preview:-1\" \/>\n<link rel=\"canonical\" href=\"https:\/\/www.marketsoul.cz\/en\/corporate-and-product-photography\/\" \/>\n<meta property=\"og:locale\" content=\"en_US\" \/>\n<meta property=\"og:type\" content=\"article\" \/>\n<meta property=\"og:title\" content=\"Corporate and Product Photography in Zl\u00edn | MarketSoul\" \/>\n<meta property=\"og:description\" content=\"Product, Corporate Photography &amp; Video Production in Zl\u00edn. We offer photos and videos for websites, e-shops, PPC banners and social networks.\" \/>\n<meta property=\"og:url\" content=\"https:\/\/www.marketsoul.cz\/en\/corporate-and-product-photography\/\" \/>\n<meta property=\"og:site_name\" content=\"MarketSoul\" \/>\n<meta property=\"article:publisher\" content=\"https:\/\/www.facebook.com\/marketsoulagency\" \/>\n<meta property=\"article:modified_time\" content=\"2024-08-20T20:28:54+00:00\" \/>\n<meta property=\"og:image\" content=\"https:\/\/www.marketsoul.cz\/wp-content\/uploads\/2024\/08\/IMG_2587.webp\" \/>\n\t<meta property=\"og:image:width\" content=\"1409\" \/>\n\t<meta property=\"og:image:height\" content=\"1878\" \/>\n\t<meta property=\"og:image:type\" content=\"image\/webp\" \/>\n<meta name=\"twitter:card\" content=\"summary_large_image\" \/>\n<meta name=\"twitter:label1\" content=\"Est. reading time\" \/>\n\t<meta name=\"twitter:data1\" content=\"1 minute\" \/>\n<script type=\"application\/ld+json\" class=\"yoast-schema-graph\">{\"@context\":\"https:\\\/\\\/schema.org\",\"@graph\":[{\"@type\":\"WebPage\",\"@id\":\"https:\\\/\\\/www.marketsoul.cz\\\/en\\\/corporate-and-product-photography\\\/\",\"url\":\"https:\\\/\\\/www.marketsoul.cz\\\/en\\\/corporate-and-product-photography\\\/\",\"name\":\"Corporate and Product Photography in Zl\u00edn | MarketSoul\",\"isPartOf\":{\"@id\":\"https:\\\/\\\/www.marketsoul.cz\\\/en\\\/#website\"},\"primaryImageOfPage\":{\"@id\":\"https:\\\/\\\/www.marketsoul.cz\\\/en\\\/corporate-and-product-photography\\\/#primaryimage\"},\"image\":{\"@id\":\"https:\\\/\\\/www.marketsoul.cz\\\/en\\\/corporate-and-product-photography\\\/#primaryimage\"},\"thumbnailUrl\":\"https:\\\/\\\/www.marketsoul.cz\\\/wp-content\\\/uploads\\\/2024\\\/08\\\/IMG_2587.webp\",\"datePublished\":\"2024-07-01T09:23:24+00:00\",\"dateModified\":\"2024-08-20T20:28:54+00:00\",\"description\":\"Product, Corporate Photography & Video Production in Zl\u00edn. We offer photos and videos for websites, e-shops, PPC banners and social networks.\",\"breadcrumb\":{\"@id\":\"https:\\\/\\\/www.marketsoul.cz\\\/en\\\/corporate-and-product-photography\\\/#breadcrumb\"},\"inLanguage\":\"en-US\",\"potentialAction\":[{\"@type\":\"ReadAction\",\"target\":[\"https:\\\/\\\/www.marketsoul.cz\\\/en\\\/corporate-and-product-photography\\\/\"]}]},{\"@type\":\"ImageObject\",\"inLanguage\":\"en-US\",\"@id\":\"https:\\\/\\\/www.marketsoul.cz\\\/en\\\/corporate-and-product-photography\\\/#primaryimage\",\"url\":\"https:\\\/\\\/www.marketsoul.cz\\\/wp-content\\\/uploads\\\/2024\\\/08\\\/IMG_2587.webp\",\"contentUrl\":\"https:\\\/\\\/www.marketsoul.cz\\\/wp-content\\\/uploads\\\/2024\\\/08\\\/IMG_2587.webp\",\"width\":1409,\"height\":1878},{\"@type\":\"BreadcrumbList\",\"@id\":\"https:\\\/\\\/www.marketsoul.cz\\\/en\\\/corporate-and-product-photography\\\/#breadcrumb\",\"itemListElement\":[{\"@type\":\"ListItem\",\"position\":1,\"name\":\"Home\",\"item\":\"https:\\\/\\\/www.marketsoul.cz\\\/en\\\/uvodni-stranka-2\\\/\"},{\"@type\":\"ListItem\",\"position\":2,\"name\":\"Photography and video making\"}]},{\"@type\":\"WebSite\",\"@id\":\"https:\\\/\\\/www.marketsoul.cz\\\/en\\\/#website\",\"url\":\"https:\\\/\\\/www.marketsoul.cz\\\/en\\\/\",\"name\":\"MarketSoul\",\"description\":\"D\u00e1v\u00e1me zna\u010dk\u00e1m du\u0161i. Tvo\u0159\u00edme weby a e-shopy.\",\"publisher\":{\"@id\":\"https:\\\/\\\/www.marketsoul.cz\\\/en\\\/#organization\"},\"potentialAction\":[{\"@type\":\"SearchAction\",\"target\":{\"@type\":\"EntryPoint\",\"urlTemplate\":\"https:\\\/\\\/www.marketsoul.cz\\\/en\\\/?s={search_term_string}\"},\"query-input\":{\"@type\":\"PropertyValueSpecification\",\"valueRequired\":true,\"valueName\":\"search_term_string\"}}],\"inLanguage\":\"en-US\"},{\"@type\":\"Organization\",\"@id\":\"https:\\\/\\\/www.marketsoul.cz\\\/en\\\/#organization\",\"name\":\"Tomas Bata Memorial\",\"url\":\"https:\\\/\\\/www.marketsoul.cz\\\/en\\\/\",\"logo\":{\"@type\":\"ImageObject\",\"inLanguage\":\"en-US\",\"@id\":\"https:\\\/\\\/www.marketsoul.cz\\\/en\\\/#\\\/schema\\\/logo\\\/image\\\/\",\"url\":\"https:\\\/\\\/www.marketsoul.cz\\\/wp-content\\\/uploads\\\/2024\\\/07\\\/logo.svg\",\"contentUrl\":\"https:\\\/\\\/www.marketsoul.cz\\\/wp-content\\\/uploads\\\/2024\\\/07\\\/logo.svg\",\"width\":229,\"height\":40,\"caption\":\"Tomas Bata Memorial\"},\"image\":{\"@id\":\"https:\\\/\\\/www.marketsoul.cz\\\/en\\\/#\\\/schema\\\/logo\\\/image\\\/\"},\"sameAs\":[\"https:\\\/\\\/www.facebook.com\\\/marketsoulagency\"]}]}<\/script>\n<!-- \/ Yoast SEO plugin. -->","yoast_head_json":{"title":"Corporate and Product Photography in Zl\u00edn | MarketSoul","description":"Product, Corporate Photography & Video Production in Zl\u00edn. We offer photos and videos for websites, e-shops, PPC banners and social networks.","robots":{"index":"index","follow":"follow","max-snippet":"max-snippet:-1","max-image-preview":"max-image-preview:large","max-video-preview":"max-video-preview:-1"},"canonical":"https:\/\/www.marketsoul.cz\/en\/corporate-and-product-photography\/","og_locale":"en_US","og_type":"article","og_title":"Corporate and Product Photography in Zl\u00edn | MarketSoul","og_description":"Product, Corporate Photography & Video Production in Zl\u00edn. We offer photos and videos for websites, e-shops, PPC banners and social networks.","og_url":"https:\/\/www.marketsoul.cz\/en\/corporate-and-product-photography\/","og_site_name":"MarketSoul","article_publisher":"https:\/\/www.facebook.com\/marketsoulagency","article_modified_time":"2024-08-20T20:28:54+00:00","og_image":[{"width":1409,"height":1878,"url":"https:\/\/www.marketsoul.cz\/wp-content\/uploads\/2024\/08\/IMG_2587.webp","type":"image\/webp"}],"twitter_card":"summary_large_image","twitter_misc":{"Est. reading time":"1 minute"},"schema":{"@context":"https:\/\/schema.org","@graph":[{"@type":"WebPage","@id":"https:\/\/www.marketsoul.cz\/en\/corporate-and-product-photography\/","url":"https:\/\/www.marketsoul.cz\/en\/corporate-and-product-photography\/","name":"Corporate and Product Photography in Zl\u00edn | MarketSoul","isPartOf":{"@id":"https:\/\/www.marketsoul.cz\/en\/#website"},"primaryImageOfPage":{"@id":"https:\/\/www.marketsoul.cz\/en\/corporate-and-product-photography\/#primaryimage"},"image":{"@id":"https:\/\/www.marketsoul.cz\/en\/corporate-and-product-photography\/#primaryimage"},"thumbnailUrl":"https:\/\/www.marketsoul.cz\/wp-content\/uploads\/2024\/08\/IMG_2587.webp","datePublished":"2024-07-01T09:23:24+00:00","dateModified":"2024-08-20T20:28:54+00:00","description":"Product, Corporate Photography & Video Production in Zl\u00edn. We offer photos and videos for websites, e-shops, PPC banners and social networks.","breadcrumb":{"@id":"https:\/\/www.marketsoul.cz\/en\/corporate-and-product-photography\/#breadcrumb"},"inLanguage":"en-US","potentialAction":[{"@type":"ReadAction","target":["https:\/\/www.marketsoul.cz\/en\/corporate-and-product-photography\/"]}]},{"@type":"ImageObject","inLanguage":"en-US","@id":"https:\/\/www.marketsoul.cz\/en\/corporate-and-product-photography\/#primaryimage","url":"https:\/\/www.marketsoul.cz\/wp-content\/uploads\/2024\/08\/IMG_2587.webp","contentUrl":"https:\/\/www.marketsoul.cz\/wp-content\/uploads\/2024\/08\/IMG_2587.webp","width":1409,"height":1878},{"@type":"BreadcrumbList","@id":"https:\/\/www.marketsoul.cz\/en\/corporate-and-product-photography\/#breadcrumb","itemListElement":[{"@type":"ListItem","position":1,"name":"Home","item":"https:\/\/www.marketsoul.cz\/en\/uvodni-stranka-2\/"},{"@type":"ListItem","position":2,"name":"Photography and video making"}]},{"@type":"WebSite","@id":"https:\/\/www.marketsoul.cz\/en\/#website","url":"https:\/\/www.marketsoul.cz\/en\/","name":"MarketSoul","description":"D\u00e1v\u00e1me zna\u010dk\u00e1m du\u0161i. Tvo\u0159\u00edme weby a e-shopy.","publisher":{"@id":"https:\/\/www.marketsoul.cz\/en\/#organization"},"potentialAction":[{"@type":"SearchAction","target":{"@type":"EntryPoint","urlTemplate":"https:\/\/www.marketsoul.cz\/en\/?s={search_term_string}"},"query-input":{"@type":"PropertyValueSpecification","valueRequired":true,"valueName":"search_term_string"}}],"inLanguage":"en-US"},{"@type":"Organization","@id":"https:\/\/www.marketsoul.cz\/en\/#organization","name":"Tomas Bata Memorial","url":"https:\/\/www.marketsoul.cz\/en\/","logo":{"@type":"ImageObject","inLanguage":"en-US","@id":"https:\/\/www.marketsoul.cz\/en\/#\/schema\/logo\/image\/","url":"https:\/\/www.marketsoul.cz\/wp-content\/uploads\/2024\/07\/logo.svg","contentUrl":"https:\/\/www.marketsoul.cz\/wp-content\/uploads\/2024\/07\/logo.svg","width":229,"height":40,"caption":"Tomas Bata Memorial"},"image":{"@id":"https:\/\/www.marketsoul.cz\/en\/#\/schema\/logo\/image\/"},"sameAs":["https:\/\/www.facebook.com\/marketsoulagency"]}]}},"_links":{"self":[{"href":"https:\/\/www.marketsoul.cz\/en\/wp-json\/wp\/v2\/pages\/1973","targetHints":{"allow":["GET"]}}],"collection":[{"href":"https:\/\/www.marketsoul.cz\/en\/wp-json\/wp\/v2\/pages"}],"about":[{"href":"https:\/\/www.marketsoul.cz\/en\/wp-json\/wp\/v2\/types\/page"}],"author":[{"embeddable":true,"href":"https:\/\/www.marketsoul.cz\/en\/wp-json\/wp\/v2\/users\/1"}],"replies":[{"embeddable":true,"href":"https:\/\/www.marketsoul.cz\/en\/wp-json\/wp\/v2\/comments?post=1973"}],"version-history":[{"count":10,"href":"https:\/\/www.marketsoul.cz\/en\/wp-json\/wp\/v2\/pages\/1973\/revisions"}],"predecessor-version":[{"id":2801,"href":"https:\/\/www.marketsoul.cz\/en\/wp-json\/wp\/v2\/pages\/1973\/revisions\/2801"}],"wp:featuredmedia":[{"embeddable":true,"href":"https:\/\/www.marketsoul.cz\/en\/wp-json\/wp\/v2\/media\/2819"}],"wp:attachment":[{"href":"https:\/\/www.marketsoul.cz\/en\/wp-json\/wp\/v2\/media?parent=1973"}],"curies":[{"name":"wp","href":"https:\/\/api.w.org\/{rel}","templated":true}]}}